{"id":1009,"date":"2024-07-24T14:13:44","date_gmt":"2024-07-24T12:13:44","guid":{"rendered":"https:\/\/madhya.eu\/?page_id=1009"},"modified":"2024-07-24T16:03:07","modified_gmt":"2024-07-24T14:03:07","slug":"quienes-somos","status":"publish","type":"page","link":"https:\/\/madhya.eu\/es\/quienes-somos\/","title":{"rendered":"Qui\u00e9nes somos"},"content":{"rendered":"\n\n\n<div id=\"\" class=\"container mx-auto mb-8\">\n  <div class=\"mx-auto grid grid-cols-1 lg:mx-0 lg:max-w-none md:grid-cols-2\">\n\n    <div class=\"mt-10 mx-2 md:mx-0\">\n      <!-- content -->\n      <div class=\"pt-14 pr-14 pl-14 pb-6\">\n        <div class=\"font-inter font-medium leading-7 text-3xl text-[#161414]\">\n          Qui\u00e9nes somos        <\/div>\n\n        <!-- content_text -->\n        <div class=\"font-inter font-base leading-7 text-lg mt-10 text-bee-grey-text\" style=\"color: #848484\">\n          Somos una oficina de ingenier\u00eda de estructuras de acero especializada en la planificaci\u00f3n y el dise\u00f1o de edificios y estructuras de acero. Elaboramos c\u00e1lculos est\u00e1ticos, planos de disposici\u00f3n general y planos de construcci\u00f3n en el \u00e1mbito de la construcci\u00f3n met\u00e1lica.        <\/div>\n        <div class=\"mt-8\">\n                  <\/div>\n      <\/div>\n    <\/div>\n    <div class=\"mx-2 md:mx-0 \">\n      <img decoding=\"async\"  src=\"https:\/\/madhya.eu\/app\/uploads\/2024\/07\/team.jpg\" class=\"w-full h-full object-cover shadow-xl ring-1 ring-gray-400\/10 rounded-xl\">\n    <\/div>\n  <\/div>\n<\/div>\n\n\n\n\n<div id=\"\" class=\"container mx-auto mt-16\">\n  <div class=\"mb-10 mx-auto max-w-2xl lg:mx-0 lg:max-w-none text-center\">\n    <p class=\"text-base font-semibold leading-7 text-bee-lightblue\">\n          <\/p>\n    <h1 class=\"mt-2 text-3xl font-bold tracking-tight text-gray-900 sm:text-4xl mx-auto w-full lg:w-1\/3\">\n      Nuestras actividades incluyen    <\/h1>\n  <\/div>\n<\/div>\n\n\n\n\n<div id=\"\" class=\"container mx-auto mt-16\">\n  <div class=\"mb-10 mx-auto max-w-2xl lg:mx-0 lg:max-w-none text-center\">\n    <p class=\"text-base font-semibold leading-7 text-bee-lightblue\">\n          <\/p>\n    <h1 class=\"mt-2 text-3xl font-bold tracking-tight text-gray-900 sm:text-4xl mx-auto w-full lg:w-1\/3\">\n          <\/h1>\n  <\/div>\n<\/div>\n\n\n\n\n\n    <div id=\"\" class=\"container px-5 mb-8 sm:mb-10 lg:px-0 mx-auto\">\n      <div class=\"grid content-center justify-items-center sm:grid-cols-3 md:grid-cols-3 lg:grid-cols-3 gap-5 grid-cols-1\">\n                <div class=\"relative group w-full overflow-hidden max-h-[400px] min-h-[320px] md:min-h-auto\">\n          <img decoding=\"async\"\n            class=\"object-cover w-full h-full\"\n            src=\"https:\/\/madhya.eu\/app\/uploads\/2023\/08\/Img-4.png\"\n            alt=\"planing\"\n          \/>\n                      <div class=\"transition ease-in-out duration-300 opacity-0 group-hover:opacity-100 z-10 left-4 bottom-4 absolute w-2\/3 px-[30px] py-5 bg-gray-800 bg-opacity-10 rounded-xl backdrop-blur-[10px] justify-center items-center gap-[47px] inline-flex\">\n              <div class=\"flex-col justify-start items-start gap-1.5 inline-flex\">\n                <div class=\"text-white text-2xl font-semibold font-inter\"><\/div>\n                <div class=\"text-white text-base font-medium font-inter\">Planificaci\u00f3n y construcci\u00f3n de edificios y estructuras de acero, como naves, esqueletos, andamios y torres, puentes y tecnolog\u00eda de transporte.<\/div>\n              <\/div>\n            <\/div>\n                  <\/div>\n                <div class=\"relative group w-full overflow-hidden max-h-[400px] min-h-[320px] md:min-h-auto\">\n          <img decoding=\"async\"\n            class=\"object-cover w-full h-full\"\n            src=\"https:\/\/madhya.eu\/app\/uploads\/2024\/07\/\u0447\u0435\u0440\u0442\u0435\u0436\u0438.jpg\"\n            alt=\"Erstellung\"\n          \/>\n                      <div class=\"transition ease-in-out duration-300 opacity-0 group-hover:opacity-100 z-10 left-4 bottom-4 absolute w-2\/3 px-[30px] py-5 bg-gray-800 bg-opacity-10 rounded-xl backdrop-blur-[10px] justify-center items-center gap-[47px] inline-flex\">\n              <div class=\"flex-col justify-start items-start gap-1.5 inline-flex\">\n                <div class=\"text-white text-2xl font-semibold font-inter\"><\/div>\n                <div class=\"text-white text-base font-medium font-inter\">Creaci\u00f3n de c\u00e1lculos est\u00e1ticos y planos de construcci\u00f3n para estructuras complejas de acero<\/div>\n              <\/div>\n            <\/div>\n                  <\/div>\n                <div class=\"relative group w-full overflow-hidden max-h-[400px] min-h-[320px] md:min-h-auto\">\n          <img decoding=\"async\"\n            class=\"object-cover w-full h-full\"\n            src=\"https:\/\/madhya.eu\/app\/uploads\/2023\/08\/iStock-178161370_kleiner-1.png\"\n            alt=\"Abstimmung \"\n          \/>\n                      <div class=\"transition ease-in-out duration-300 opacity-0 group-hover:opacity-100 z-10 left-4 bottom-4 absolute w-2\/3 px-[30px] py-5 bg-gray-800 bg-opacity-10 rounded-xl backdrop-blur-[10px] justify-center items-center gap-[47px] inline-flex\">\n              <div class=\"flex-col justify-start items-start gap-1.5 inline-flex\">\n                <div class=\"text-white text-2xl font-semibold font-inter\"><\/div>\n                <div class=\"text-white text-base font-medium font-inter\">Coordinaci\u00f3n de estructuras de acero con otros tipos de construcci\u00f3n, como mamposter\u00eda, madera y hormig\u00f3n armado.<\/div>\n              <\/div>\n            <\/div>\n                  <\/div>\n                <div class=\"relative group w-full overflow-hidden max-h-[400px] min-h-[320px] md:min-h-auto\">\n          <img decoding=\"async\"\n            class=\"object-cover w-full h-full\"\n            src=\"https:\/\/madhya.eu\/app\/uploads\/2023\/11\/3dmodell.png\"\n            alt=\"industrial plan\"\n          \/>\n                      <div class=\"transition ease-in-out duration-300 opacity-0 group-hover:opacity-100 z-10 left-4 bottom-4 absolute w-2\/3 px-[30px] py-5 bg-gray-800 bg-opacity-10 rounded-xl backdrop-blur-[10px] justify-center items-center gap-[47px] inline-flex\">\n              <div class=\"flex-col justify-start items-start gap-1.5 inline-flex\">\n                <div class=\"text-white text-2xl font-semibold font-inter\"><\/div>\n                <div class=\"text-white text-base font-medium font-inter\">Creaci\u00f3n de planos y dise\u00f1os estructurales para diversas aplicaciones, como plantas industriales, instalaciones deportivas y pabellones.<\/div>\n              <\/div>\n            <\/div>\n                  <\/div>\n                <div class=\"relative group w-full overflow-hidden max-h-[400px] min-h-[320px] md:min-h-auto\">\n          <img decoding=\"async\"\n            class=\"object-cover w-full h-full\"\n            src=\"https:\/\/madhya.eu\/app\/uploads\/2023\/11\/1000_F_612060929_fAr6b6g7IOGlhrqXfIb8lQcOe8HPXqnB.jpg\"\n            alt=\"building inspection\"\n          \/>\n                      <div class=\"transition ease-in-out duration-300 opacity-0 group-hover:opacity-100 z-10 left-4 bottom-4 absolute w-2\/3 px-[30px] py-5 bg-gray-800 bg-opacity-10 rounded-xl backdrop-blur-[10px] justify-center items-center gap-[47px] inline-flex\">\n              <div class=\"flex-col justify-start items-start gap-1.5 inline-flex\">\n                <div class=\"text-white text-2xl font-semibold font-inter\"><\/div>\n                <div class=\"text-white text-base font-medium font-inter\">Supervisi\u00f3n y comprobaci\u00f3n de la estabilidad y capacidad de servicio de edificios y estructuras de acero<\/div>\n              <\/div>\n            <\/div>\n                  <\/div>\n                <div class=\"relative group w-full overflow-hidden max-h-[400px] min-h-[320px] md:min-h-auto\">\n          <img decoding=\"async\"\n            class=\"object-cover w-full h-full\"\n            src=\"https:\/\/madhya.eu\/app\/uploads\/2023\/09\/solve-meeting-computer.jpg\"\n            alt=\"team-work\"\n          \/>\n                      <div class=\"transition ease-in-out duration-300 opacity-0 group-hover:opacity-100 z-10 left-4 bottom-4 absolute w-2\/3 px-[30px] py-5 bg-gray-800 bg-opacity-10 rounded-xl backdrop-blur-[10px] justify-center items-center gap-[47px] inline-flex\">\n              <div class=\"flex-col justify-start items-start gap-1.5 inline-flex\">\n                <div class=\"text-white text-2xl font-semibold font-inter\"><\/div>\n                <div class=\"text-white text-base font-medium font-inter\">Colaboramos estrechamente con arquitectos, clientes y otros ingenieros para garantizar que los edificios y estructuras de acero sean seguros, econ\u00f3micos y eficientes.<\/div>\n              <\/div>\n            <\/div>\n                  <\/div>\n              <\/div>\n    <\/div>\n\n\n\n<div id=\"\" class=\"container mx-auto mt-16\">\n  <div class=\"mb-10 mx-auto max-w-2xl lg:mx-0 lg:max-w-none text-center\">\n    <p class=\"text-base font-semibold leading-7 text-bee-lightblue\">\n          <\/p>\n    <h1 class=\"mt-2 text-3xl font-bold tracking-tight text-gray-900 sm:text-4xl mx-auto w-full lg:w-1\/3\">\n      Nuestras cualificaciones profesionales    <\/h1>\n  <\/div>\n<\/div>\n\n\n\n<!-- teaser----- -->\n\n\n    <div id=\"\" class=\"container mx-auto mb-4\">\n      <div class=\"pc-swiper pc-swiper-563 overflow-hidden mb-10\"\n           data-id=\"563\">\n        <div class=\"mb-8 swiper-wrapper\">\n                                <div class=\"swiper-slide\">\n              <div\n                class=\"max-w-full h-96 min-h-full bg-white drop-shadow-xl flex flex-col flex-wrap p-2.5 justify-start\">\n                                <div>\n                  <div class=\"mt-4 p-2\">\n                    <div class=\"break-words text-xl font-semibold font-inter text-bee-darkblue\">\n                      Top\u00f3grafo                    <\/div>\n                    <div\n                      class=\"break-words initialText mt-3 text-ellipsis overflow-hidden font-inter font-normal leading-6 text-bee-ligth-grey\">\n                      topograf\u00eda y an\u00e1lisis de objetos como edificios, carreteras, puentes, mapas y otros. Proporciona la base para proyectos de construcci\u00f3n, planos urbanos, cartas terrestres y mar\u00edtimas y es responsable de la creaci\u00f3n de sistemas de navegaci\u00f3n y planificadores de rutas que funcionen.                    <\/div>\n                    <div class=\"mt-3.5\">\n                                          <\/div>\n                  <\/div>\n                <\/div>\n              <\/div>\n            <\/div>\n                      <div class=\"swiper-slide\">\n              <div\n                class=\"max-w-full h-96 min-h-full bg-white drop-shadow-xl flex flex-col flex-wrap p-2.5 justify-start\">\n                                <div>\n                  <div class=\"mt-4 p-2\">\n                    <div class=\"break-words text-xl font-semibold font-inter text-bee-darkblue\">\n                      Ingeniero medioambiental                    <\/div>\n                    <div\n                      class=\"break-words initialText mt-3 text-ellipsis overflow-hidden font-inter font-normal leading-6 text-bee-ligth-grey\">\n                      Desarrollo y aplicaci\u00f3n de soluciones a problemas relevantes para el medio ambiente. Combina tecnolog\u00eda y ecolog\u00eda y pretende crear una producci\u00f3n industrial sostenible y que ahorre recursos.                    <\/div>\n                    <div class=\"mt-3.5\">\n                                          <\/div>\n                  <\/div>\n                <\/div>\n              <\/div>\n            <\/div>\n                      <div class=\"swiper-slide\">\n              <div\n                class=\"max-w-full h-96 min-h-full bg-white drop-shadow-xl flex flex-col flex-wrap p-2.5 justify-start\">\n                                <div>\n                  <div class=\"mt-4 p-2\">\n                    <div class=\"break-words text-xl font-semibold font-inter text-bee-darkblue\">\n                      Ingenieros civiles especializados en construcciones met\u00e1licas                    <\/div>\n                    <div\n                      class=\"break-words initialText mt-3 text-ellipsis overflow-hidden font-inter font-normal leading-6 text-bee-ligth-grey\">\n                      Especialistas que dise\u00f1an y planifican construcciones de acero. Las estructuras de acero incluyen una gran variedad de estructuras como puentes, edificios, plantas industriales y proyectos de infraestructuras. Nuestros ingenieros se encargan de planificar, dise\u00f1ar y supervisar las estructuras de acero y garantizan que sean seguras, estables y econ\u00f3micas.                     <\/div>\n                    <div class=\"mt-3.5\">\n                                          <\/div>\n                  <\/div>\n                <\/div>\n              <\/div>\n            <\/div>\n                      <div class=\"swiper-slide\">\n              <div\n                class=\"max-w-full h-96 min-h-full bg-white drop-shadow-xl flex flex-col flex-wrap p-2.5 justify-start\">\n                                <div>\n                  <div class=\"mt-4 p-2\">\n                    <div class=\"break-words text-xl font-semibold font-inter text-bee-darkblue\">\n                      Ingeniero mec\u00e1nico                    <\/div>\n                    <div\n                      class=\"break-words initialText mt-3 text-ellipsis overflow-hidden font-inter font-normal leading-6 text-bee-ligth-grey\">\n                      Est\u00e1 especializado en el dise\u00f1o y desarrollo de m\u00e1quinas, dispositivos y sistemas. Se encarga de la planificaci\u00f3n, el dise\u00f1o y la fabricaci\u00f3n de dispositivos y m\u00e1quinas que se utilizan en diversas industrias, como la automovil\u00edstica, la ingenier\u00eda de servicios para edificios, la generaci\u00f3n de energ\u00eda, etc.                    <\/div>\n                    <div class=\"mt-3.5\">\n                                          <\/div>\n                  <\/div>\n                <\/div>\n              <\/div>\n            <\/div>\n                      <div class=\"swiper-slide\">\n              <div\n                class=\"max-w-full h-96 min-h-full bg-white drop-shadow-xl flex flex-col flex-wrap p-2.5 justify-start\">\n                                <div>\n                  <div class=\"mt-4 p-2\">\n                    <div class=\"break-words text-xl font-semibold font-inter text-bee-darkblue\">\n                      Inform\u00e1ticos                    <\/div>\n                    <div\n                      class=\"break-words initialText mt-3 text-ellipsis overflow-hidden font-inter font-normal leading-6 text-bee-ligth-grey\">\n                      Mantenimiento de sistemas operativos, administraci\u00f3n de servidores, bases de datos, seguridad inform\u00e1tica.                    <\/div>\n                    <div class=\"mt-3.5\">\n                                          <\/div>\n                  <\/div>\n                <\/div>\n              <\/div>\n            <\/div>\n                      <div class=\"swiper-slide\">\n              <div\n                class=\"max-w-full h-96 min-h-full bg-white drop-shadow-xl flex flex-col flex-wrap p-2.5 justify-start\">\n                                <div>\n                  <div class=\"mt-4 p-2\">\n                    <div class=\"break-words text-xl font-semibold font-inter text-bee-darkblue\">\n                      M\u00e1ster en Digital Business                    <\/div>\n                    <div\n                      class=\"break-words initialText mt-3 text-ellipsis overflow-hidden font-inter font-normal leading-6 text-bee-ligth-grey\">\n                      Es responsable de transformaci\u00f3n digital e innovaci\u00f3n en emprendimiento.                    <\/div>\n                    <div class=\"mt-3.5\">\n                                          <\/div>\n                  <\/div>\n                <\/div>\n              <\/div>\n            <\/div>\n                      <div class=\"swiper-slide\">\n              <div\n                class=\"max-w-full h-96 min-h-full bg-white drop-shadow-xl flex flex-col flex-wrap p-2.5 justify-start\">\n                                <div>\n                  <div class=\"mt-4 p-2\">\n                    <div class=\"break-words text-xl font-semibold font-inter text-bee-darkblue\">\n                      Ingeniero de proyectos                    <\/div>\n                    <div\n                      class=\"break-words initialText mt-3 text-ellipsis overflow-hidden font-inter font-normal leading-6 text-bee-ligth-grey\">\n                      Planificaci\u00f3n, organizaci\u00f3n y seguimiento de proyectos de construcci\u00f3n. Supervisa la realizaci\u00f3n de las distintas fases de construcci\u00f3n, incluido el control.                    <\/div>\n                    <div class=\"mt-3.5\">\n                                          <\/div>\n                  <\/div>\n                <\/div>\n              <\/div>\n            <\/div>\n                      <div class=\"swiper-slide\">\n              <div\n                class=\"max-w-full h-96 min-h-full bg-white drop-shadow-xl flex flex-col flex-wrap p-2.5 justify-start\">\n                                <div>\n                  <div class=\"mt-4 p-2\">\n                    <div class=\"break-words text-xl font-semibold font-inter text-bee-darkblue\">\n                      Responsable de redes sociales                    <\/div>\n                    <div\n                      class=\"break-words initialText mt-3 text-ellipsis overflow-hidden font-inter font-normal leading-6 text-bee-ligth-grey\">\n                      comunicaci\u00f3n estrat\u00e9gica en los medios sociales. Es responsable de la coordinaci\u00f3n, gesti\u00f3n, planificaci\u00f3n y ejecuci\u00f3n de contenidos, as\u00ed como de la evaluaci\u00f3n de las actividades de la organizaci\u00f3n en los medios sociales en l\u00ednea.                    <\/div>\n                    <div class=\"mt-3.5\">\n                                          <\/div>\n                  <\/div>\n                <\/div>\n              <\/div>\n            <\/div>\n                  <\/div>\n\n        <div class=\"pc-swiper-pagination-563 text-center\"><\/div>\n      <\/div>\n  <\/div>\n\n\n\n\n\n","protected":false},"excerpt":{"rendered":"","protected":false},"author":2,"featured_media":0,"parent":0,"menu_order":0,"comment_status":"closed","ping_status":"closed","template":"","meta":{"_acf_changed":false,"footnotes":""},"class_list":["post-1009","page","type-page","status-publish","hentry"],"acf":[],"yoast_head":"<!-- This site is optimized with the Yoast SEO plugin v26.0 - https:\/\/yoast.com\/wordpress\/plugins\/seo\/ -->\n<title>Qui\u00e9nes somos - Madhya AG<\/title>\n<meta name=\"robots\" content=\"index, follow, max-snippet:-1, max-image-preview:large, max-video-preview:-1\" \/>\n<link rel=\"canonical\" href=\"https:\/\/madhya.eu\/es\/quienes-somos\/\" \/>\n<meta property=\"og:locale\" content=\"es_ES\" \/>\n<meta property=\"og:type\" content=\"article\" \/>\n<meta property=\"og:title\" content=\"Qui\u00e9nes somos - Madhya AG\" \/>\n<meta property=\"og:url\" content=\"https:\/\/madhya.eu\/es\/quienes-somos\/\" \/>\n<meta property=\"og:site_name\" content=\"Madhya AG\" \/>\n<meta property=\"article:modified_time\" content=\"2024-07-24T14:03:07+00:00\" \/>\n<meta name=\"twitter:card\" content=\"summary_large_image\" \/>\n<script type=\"application\/ld+json\" class=\"yoast-schema-graph\">{\"@context\":\"https:\/\/schema.org\",\"@graph\":[{\"@type\":\"WebPage\",\"@id\":\"https:\/\/madhya.eu\/es\/quienes-somos\/\",\"url\":\"https:\/\/madhya.eu\/es\/quienes-somos\/\",\"name\":\"Qui\u00e9nes somos - Madhya AG\",\"isPartOf\":{\"@id\":\"https:\/\/madhya.eu\/es\/#website\"},\"datePublished\":\"2024-07-24T12:13:44+00:00\",\"dateModified\":\"2024-07-24T14:03:07+00:00\",\"breadcrumb\":{\"@id\":\"https:\/\/madhya.eu\/es\/quienes-somos\/#breadcrumb\"},\"inLanguage\":\"es-ES\",\"potentialAction\":[{\"@type\":\"ReadAction\",\"target\":[\"https:\/\/madhya.eu\/es\/quienes-somos\/\"]}]},{\"@type\":\"BreadcrumbList\",\"@id\":\"https:\/\/madhya.eu\/es\/quienes-somos\/#breadcrumb\",\"itemListElement\":[{\"@type\":\"ListItem\",\"position\":1,\"name\":\"Home\",\"item\":\"https:\/\/madhya.eu\/es\/\"},{\"@type\":\"ListItem\",\"position\":2,\"name\":\"Qui\u00e9nes somos\"}]},{\"@type\":\"WebSite\",\"@id\":\"https:\/\/madhya.eu\/es\/#website\",\"url\":\"https:\/\/madhya.eu\/es\/\",\"name\":\"Madhya AG\",\"description\":\"\",\"publisher\":{\"@id\":\"https:\/\/madhya.eu\/es\/#organization\"},\"potentialAction\":[{\"@type\":\"SearchAction\",\"target\":{\"@type\":\"EntryPoint\",\"urlTemplate\":\"https:\/\/madhya.eu\/es\/?s={search_term_string}\"},\"query-input\":{\"@type\":\"PropertyValueSpecification\",\"valueRequired\":true,\"valueName\":\"search_term_string\"}}],\"inLanguage\":\"es-ES\"},{\"@type\":\"Organization\",\"@id\":\"https:\/\/madhya.eu\/es\/#organization\",\"name\":\"Madhya AG\",\"url\":\"https:\/\/madhya.eu\/es\/\",\"logo\":{\"@type\":\"ImageObject\",\"inLanguage\":\"es-ES\",\"@id\":\"https:\/\/madhya.eu\/es\/#\/schema\/logo\/image\/\",\"url\":\"https:\/\/madhya.eu\/app\/uploads\/2023\/08\/cropped-madhya-300x73-1.png\",\"contentUrl\":\"https:\/\/madhya.eu\/app\/uploads\/2023\/08\/cropped-madhya-300x73-1.png\",\"width\":301,\"height\":73,\"caption\":\"Madhya AG\"},\"image\":{\"@id\":\"https:\/\/madhya.eu\/es\/#\/schema\/logo\/image\/\"}}]}<\/script>\n<!-- \/ Yoast SEO plugin. -->","yoast_head_json":{"title":"Qui\u00e9nes somos - Madhya AG","robots":{"index":"index","follow":"follow","max-snippet":"max-snippet:-1","max-image-preview":"max-image-preview:large","max-video-preview":"max-video-preview:-1"},"canonical":"https:\/\/madhya.eu\/es\/quienes-somos\/","og_locale":"es_ES","og_type":"article","og_title":"Qui\u00e9nes somos - Madhya AG","og_url":"https:\/\/madhya.eu\/es\/quienes-somos\/","og_site_name":"Madhya AG","article_modified_time":"2024-07-24T14:03:07+00:00","twitter_card":"summary_large_image","schema":{"@context":"https:\/\/schema.org","@graph":[{"@type":"WebPage","@id":"https:\/\/madhya.eu\/es\/quienes-somos\/","url":"https:\/\/madhya.eu\/es\/quienes-somos\/","name":"Qui\u00e9nes somos - Madhya AG","isPartOf":{"@id":"https:\/\/madhya.eu\/es\/#website"},"datePublished":"2024-07-24T12:13:44+00:00","dateModified":"2024-07-24T14:03:07+00:00","breadcrumb":{"@id":"https:\/\/madhya.eu\/es\/quienes-somos\/#breadcrumb"},"inLanguage":"es-ES","potentialAction":[{"@type":"ReadAction","target":["https:\/\/madhya.eu\/es\/quienes-somos\/"]}]},{"@type":"BreadcrumbList","@id":"https:\/\/madhya.eu\/es\/quienes-somos\/#breadcrumb","itemListElement":[{"@type":"ListItem","position":1,"name":"Home","item":"https:\/\/madhya.eu\/es\/"},{"@type":"ListItem","position":2,"name":"Qui\u00e9nes somos"}]},{"@type":"WebSite","@id":"https:\/\/madhya.eu\/es\/#website","url":"https:\/\/madhya.eu\/es\/","name":"Madhya AG","description":"","publisher":{"@id":"https:\/\/madhya.eu\/es\/#organization"},"potentialAction":[{"@type":"SearchAction","target":{"@type":"EntryPoint","urlTemplate":"https:\/\/madhya.eu\/es\/?s={search_term_string}"},"query-input":{"@type":"PropertyValueSpecification","valueRequired":true,"valueName":"search_term_string"}}],"inLanguage":"es-ES"},{"@type":"Organization","@id":"https:\/\/madhya.eu\/es\/#organization","name":"Madhya AG","url":"https:\/\/madhya.eu\/es\/","logo":{"@type":"ImageObject","inLanguage":"es-ES","@id":"https:\/\/madhya.eu\/es\/#\/schema\/logo\/image\/","url":"https:\/\/madhya.eu\/app\/uploads\/2023\/08\/cropped-madhya-300x73-1.png","contentUrl":"https:\/\/madhya.eu\/app\/uploads\/2023\/08\/cropped-madhya-300x73-1.png","width":301,"height":73,"caption":"Madhya AG"},"image":{"@id":"https:\/\/madhya.eu\/es\/#\/schema\/logo\/image\/"}}]}},"_links":{"self":[{"href":"https:\/\/madhya.eu\/es\/wp-json\/wp\/v2\/pages\/1009","targetHints":{"allow":["GET"]}}],"collection":[{"href":"https:\/\/madhya.eu\/es\/wp-json\/wp\/v2\/pages"}],"about":[{"href":"https:\/\/madhya.eu\/es\/wp-json\/wp\/v2\/types\/page"}],"author":[{"embeddable":true,"href":"https:\/\/madhya.eu\/es\/wp-json\/wp\/v2\/users\/2"}],"replies":[{"embeddable":true,"href":"https:\/\/madhya.eu\/es\/wp-json\/wp\/v2\/comments?post=1009"}],"version-history":[{"count":4,"href":"https:\/\/madhya.eu\/es\/wp-json\/wp\/v2\/pages\/1009\/revisions"}],"predecessor-version":[{"id":1026,"href":"https:\/\/madhya.eu\/es\/wp-json\/wp\/v2\/pages\/1009\/revisions\/1026"}],"wp:attachment":[{"href":"https:\/\/madhya.eu\/es\/wp-json\/wp\/v2\/media?parent=1009"}],"curies":[{"name":"wp","href":"https:\/\/api.w.org\/{rel}","templated":true}]}}