{"id":1004,"date":"2024-07-24T11:13:45","date_gmt":"2024-07-24T09:13:45","guid":{"rendered":"https:\/\/madhya.eu\/?page_id=1004"},"modified":"2024-07-24T14:15:58","modified_gmt":"2024-07-24T12:15:58","slug":"sur-nous","status":"publish","type":"page","link":"https:\/\/madhya.eu\/fr\/sur-nous\/","title":{"rendered":"sur nous"},"content":{"rendered":"\n<h1 class=\"wp-block-heading\">s<\/h1>\n\n\n\n\n\n<div id=\"\" class=\"container mx-auto mb-8\">\n  <div class=\"mx-auto grid grid-cols-1 lg:mx-0 lg:max-w-none md:grid-cols-2\">\n\n    <div class=\"mt-10 mx-2 md:mx-0\">\n      <!-- content -->\n      <div class=\"pt-14 pr-14 pl-14 pb-6\">\n        <div class=\"font-inter font-medium leading-7 text-3xl text-[#161414]\">\n          \u00c0 propos de nous        <\/div>\n\n        <!-- content_text -->\n        <div class=\"font-inter font-base leading-7 text-lg mt-10 text-bee-grey-text\" style=\"color: #848484\">\n          Nous sommes un bureau d&#8217;\u00e9tudes sp\u00e9cialis\u00e9 dans la conception de structures en acier. Nous r\u00e9alisons des calculs statiques, des plans d&#8217;ensemble et des plans de construction dans le domaine de la construction m\u00e9tallique.        <\/div>\n        <div class=\"mt-8\">\n                  <\/div>\n      <\/div>\n    <\/div>\n    <div class=\"mx-2 md:mx-0 \">\n      <img decoding=\"async\"  src=\"https:\/\/madhya.eu\/app\/uploads\/2024\/07\/team.jpg\" class=\"w-full h-full object-cover shadow-xl ring-1 ring-gray-400\/10 rounded-xl\">\n    <\/div>\n  <\/div>\n<\/div>\n\n\n\n\n<div id=\"\" class=\"container mx-auto mt-16\">\n  <div class=\"mb-10 mx-auto max-w-2xl lg:mx-0 lg:max-w-none text-center\">\n    <p class=\"text-base font-semibold leading-7 text-bee-lightblue\">\n          <\/p>\n    <h1 class=\"mt-2 text-3xl font-bold tracking-tight text-gray-900 sm:text-4xl mx-auto w-full lg:w-1\/3\">\n      Nos activit\u00e9s comprennent    <\/h1>\n  <\/div>\n<\/div>\n\n\n\n\n\n    <div id=\"\" class=\"container px-5 mb-8 sm:mb-10 lg:px-0 mx-auto\">\n      <div class=\"grid content-center justify-items-center sm:grid-cols-3 md:grid-cols-3 lg:grid-cols-3 gap-5 grid-cols-1\">\n                <div class=\"relative group w-full overflow-hidden max-h-[400px] min-h-[320px] md:min-h-auto\">\n          <img decoding=\"async\"\n            class=\"object-cover w-full h-full\"\n            src=\"https:\/\/madhya.eu\/app\/uploads\/2023\/08\/Img-4.png\"\n            alt=\"planing\"\n          \/>\n                      <div class=\"transition ease-in-out duration-300 opacity-0 group-hover:opacity-100 z-10 left-4 bottom-4 absolute w-2\/3 px-[30px] py-5 bg-gray-800 bg-opacity-10 rounded-xl backdrop-blur-[10px] justify-center items-center gap-[47px] inline-flex\">\n              <div class=\"flex-col justify-start items-start gap-1.5 inline-flex\">\n                <div class=\"text-white text-2xl font-semibold font-inter\"><\/div>\n                <div class=\"text-white text-base font-medium font-inter\">Planification et construction de b\u00e2timents et de constructions en acier, comme par exemple des halls, des constructions \u00e0 ossature, des \u00e9chafaudages et des tours, des ponts et des syst\u00e8mes de manutention<\/div>\n              <\/div>\n            <\/div>\n                  <\/div>\n                <div class=\"relative group w-full overflow-hidden max-h-[400px] min-h-[320px] md:min-h-auto\">\n          <img decoding=\"async\"\n            class=\"object-cover w-full h-full\"\n            src=\"https:\/\/madhya.eu\/app\/uploads\/2024\/07\/\u0447\u0435\u0440\u0442\u0435\u0436\u0438.jpg\"\n            alt=\"Cr\u00e9ation de\"\n          \/>\n                      <div class=\"transition ease-in-out duration-300 opacity-0 group-hover:opacity-100 z-10 left-4 bottom-4 absolute w-2\/3 px-[30px] py-5 bg-gray-800 bg-opacity-10 rounded-xl backdrop-blur-[10px] justify-center items-center gap-[47px] inline-flex\">\n              <div class=\"flex-col justify-start items-start gap-1.5 inline-flex\">\n                <div class=\"text-white text-2xl font-semibold font-inter\"><\/div>\n                <div class=\"text-white text-base font-medium font-inter\">R\u00e9alisation de calculs statiques et de dessins de construction pour des structures m\u00e9talliques complexes<\/div>\n              <\/div>\n            <\/div>\n                  <\/div>\n                <div class=\"relative group w-full overflow-hidden max-h-[400px] min-h-[320px] md:min-h-auto\">\n          <img decoding=\"async\"\n            class=\"object-cover w-full h-full\"\n            src=\"https:\/\/madhya.eu\/app\/uploads\/2023\/08\/iStock-178161370_kleiner-1.png\"\n            alt=\"Vote\"\n          \/>\n                      <div class=\"transition ease-in-out duration-300 opacity-0 group-hover:opacity-100 z-10 left-4 bottom-4 absolute w-2\/3 px-[30px] py-5 bg-gray-800 bg-opacity-10 rounded-xl backdrop-blur-[10px] justify-center items-center gap-[47px] inline-flex\">\n              <div class=\"flex-col justify-start items-start gap-1.5 inline-flex\">\n                <div class=\"text-white text-2xl font-semibold font-inter\"><\/div>\n                <div class=\"text-white text-base font-medium font-inter\">Harmonisation des structures en acier avec d&#8217;autres types de construction, comme par exemple la ma\u00e7onnerie, le bois et le b\u00e9ton arm\u00e9<\/div>\n              <\/div>\n            <\/div>\n                  <\/div>\n                <div class=\"relative group w-full overflow-hidden max-h-[400px] min-h-[320px] md:min-h-auto\">\n          <img decoding=\"async\"\n            class=\"object-cover w-full h-full\"\n            src=\"https:\/\/madhya.eu\/app\/uploads\/2023\/11\/3dmodell.png\"\n            alt=\"plan industriel\"\n          \/>\n                      <div class=\"transition ease-in-out duration-300 opacity-0 group-hover:opacity-100 z-10 left-4 bottom-4 absolute w-2\/3 px-[30px] py-5 bg-gray-800 bg-opacity-10 rounded-xl backdrop-blur-[10px] justify-center items-center gap-[47px] inline-flex\">\n              <div class=\"flex-col justify-start items-start gap-1.5 inline-flex\">\n                <div class=\"text-white text-2xl font-semibold font-inter\"><\/div>\n                <div class=\"text-white text-base font-medium font-inter\">Cr\u00e9ation de plans et de constructions de structures pour diff\u00e9rentes applications, comme par exemple des installations industrielles, des installations sportives et des halls<\/div>\n              <\/div>\n            <\/div>\n                  <\/div>\n                <div class=\"relative group w-full overflow-hidden max-h-[400px] min-h-[320px] md:min-h-auto\">\n          <img decoding=\"async\"\n            class=\"object-cover w-full h-full\"\n            src=\"https:\/\/madhya.eu\/app\/uploads\/2023\/11\/1000_F_612060929_fAr6b6g7IOGlhrqXfIb8lQcOe8HPXqnB.jpg\"\n            alt=\"inspection des b\u00e2timents\"\n          \/>\n                      <div class=\"transition ease-in-out duration-300 opacity-0 group-hover:opacity-100 z-10 left-4 bottom-4 absolute w-2\/3 px-[30px] py-5 bg-gray-800 bg-opacity-10 rounded-xl backdrop-blur-[10px] justify-center items-center gap-[47px] inline-flex\">\n              <div class=\"flex-col justify-start items-start gap-1.5 inline-flex\">\n                <div class=\"text-white text-2xl font-semibold font-inter\"><\/div>\n                <div class=\"text-white text-base font-medium font-inter\">Surveillance et v\u00e9rification de la stabilit\u00e9 et de l&#8217;aptitude au service des b\u00e2timents et des constructions en acier<\/div>\n              <\/div>\n            <\/div>\n                  <\/div>\n                <div class=\"relative group w-full overflow-hidden max-h-[400px] min-h-[320px] md:min-h-auto\">\n          <img decoding=\"async\"\n            class=\"object-cover w-full h-full\"\n            src=\"https:\/\/madhya.eu\/app\/uploads\/2023\/09\/solve-meeting-computer.jpg\"\n            alt=\"travail d'\u00e9quipe\"\n          \/>\n                      <div class=\"transition ease-in-out duration-300 opacity-0 group-hover:opacity-100 z-10 left-4 bottom-4 absolute w-2\/3 px-[30px] py-5 bg-gray-800 bg-opacity-10 rounded-xl backdrop-blur-[10px] justify-center items-center gap-[47px] inline-flex\">\n              <div class=\"flex-col justify-start items-start gap-1.5 inline-flex\">\n                <div class=\"text-white text-2xl font-semibold font-inter\"><\/div>\n                <div class=\"text-white text-base font-medium font-inter\">Nous travaillons en \u00e9troite collaboration avec des architectes, des ma\u00eetres d&#8217;ouvrage et d&#8217;autres ing\u00e9nieurs afin de garantir que les b\u00e2timents et les constructions en acier sont s\u00fbrs, \u00e9conomiques et efficaces.<\/div>\n              <\/div>\n            <\/div>\n                  <\/div>\n              <\/div>\n    <\/div>\n\n\n\n<div id=\"\" class=\"container mx-auto mt-16\">\n  <div class=\"mb-10 mx-auto max-w-2xl lg:mx-0 lg:max-w-none text-center\">\n    <p class=\"text-base font-semibold leading-7 text-bee-lightblue\">\n          <\/p>\n    <h1 class=\"mt-2 text-3xl font-bold tracking-tight text-gray-900 sm:text-4xl mx-auto w-full lg:w-1\/3\">\n      Nos qualifications professionnelles    <\/h1>\n  <\/div>\n<\/div>\n\n\n\n<!-- teaser----- -->\n\n\n    <div id=\"\" class=\"container mx-auto mb-4\">\n      <div class=\"pc-swiper pc-swiper-283 overflow-hidden mb-10\"\n           data-id=\"283\">\n        <div class=\"mb-8 swiper-wrapper\">\n                                <div class=\"swiper-slide\">\n              <div\n                class=\"max-w-full h-96 min-h-full bg-white drop-shadow-xl flex flex-col flex-wrap p-2.5 justify-start\">\n                                <div>\n                  <div class=\"mt-4 p-2\">\n                    <div class=\"break-words text-xl font-semibold font-inter text-bee-darkblue\">\n                      G\u00e9om\u00e8tre                    <\/div>\n                    <div\n                      class=\"break-words initialText mt-3 text-ellipsis overflow-hidden font-inter font-normal leading-6 text-bee-ligth-grey\">\n                      La g\u00e9od\u00e9sie et l&#039;\u00e9valuation d&#039;objets tels que les b\u00e2timents, les routes, les ponts, les cartes g\u00e9ographiques et autres. Elle pose les bases de projets de construction, de plans de ville, de cartes terrestres ou maritimes et est responsable de la cr\u00e9ation de syst\u00e8mes de navigation fonctionnels et de planificateurs d&#039;itin\u00e9raires.                    <\/div>\n                    <div class=\"mt-3.5\">\n                                          <\/div>\n                  <\/div>\n                <\/div>\n              <\/div>\n            <\/div>\n                      <div class=\"swiper-slide\">\n              <div\n                class=\"max-w-full h-96 min-h-full bg-white drop-shadow-xl flex flex-col flex-wrap p-2.5 justify-start\">\n                                <div>\n                  <div class=\"mt-4 p-2\">\n                    <div class=\"break-words text-xl font-semibold font-inter text-bee-darkblue\">\n                      Ing\u00e9nieur en environnement                    <\/div>\n                    <div\n                      class=\"break-words initialText mt-3 text-ellipsis overflow-hidden font-inter font-normal leading-6 text-bee-ligth-grey\">\n                      le d\u00e9veloppement et la mise en \u0153uvre de solutions aux probl\u00e8mes li\u00e9s \u00e0 l&#039;environnement. Elle allie technique et \u00e9cologie et vise \u00e0 cr\u00e9er une production industrielle durable et respectueuse des ressources.                    <\/div>\n                    <div class=\"mt-3.5\">\n                                          <\/div>\n                  <\/div>\n                <\/div>\n              <\/div>\n            <\/div>\n                      <div class=\"swiper-slide\">\n              <div\n                class=\"max-w-full h-96 min-h-full bg-white drop-shadow-xl flex flex-col flex-wrap p-2.5 justify-start\">\n                                <div>\n                  <div class=\"mt-4 p-2\">\n                    <div class=\"break-words text-xl font-semibold font-inter text-bee-darkblue\">\n                      Ing\u00e9nieur(e)s en construction &#8211; sp\u00e9cialit\u00e9 construction m\u00e9tallique                    <\/div>\n                    <div\n                      class=\"break-words initialText mt-3 text-ellipsis overflow-hidden font-inter font-normal leading-6 text-bee-ligth-grey\">\n                      Des sp\u00e9cialistes qui con\u00e7oivent et planifient les constructions m\u00e9talliques. Les structures en acier englobent une grande vari\u00e9t\u00e9 de structures, comme les ponts, les b\u00e2timents, les installations industrielles et les projets d&#039;infrastructure. Nos ing\u00e9nieurs sont responsables de la planification, de la construction et de la surveillance des structures en acier et veillent \u00e0 ce que les structures en acier soient s\u00fbres, stables et \u00e9conomiques.                     <\/div>\n                    <div class=\"mt-3.5\">\n                                          <\/div>\n                  <\/div>\n                <\/div>\n              <\/div>\n            <\/div>\n                      <div class=\"swiper-slide\">\n              <div\n                class=\"max-w-full h-96 min-h-full bg-white drop-shadow-xl flex flex-col flex-wrap p-2.5 justify-start\">\n                                <div>\n                  <div class=\"mt-4 p-2\">\n                    <div class=\"break-words text-xl font-semibold font-inter text-bee-darkblue\">\n                      Ing\u00e9nieur en m\u00e9canique                    <\/div>\n                    <div\n                      class=\"break-words initialText mt-3 text-ellipsis overflow-hidden font-inter font-normal leading-6 text-bee-ligth-grey\">\n                      Il est sp\u00e9cialis\u00e9 dans la conception, le d\u00e9veloppement de machines, d&#039;appareils et d&#039;installations. Il se charge de la planification, de la conception et de la fabrication d&#039;appareils et de machines utilis\u00e9s dans diff\u00e9rents secteurs, comme l&#039;industrie automobile, la technique du b\u00e2timent, la production d&#039;\u00e9nergie, etc.                    <\/div>\n                    <div class=\"mt-3.5\">\n                                          <\/div>\n                  <\/div>\n                <\/div>\n              <\/div>\n            <\/div>\n                      <div class=\"swiper-slide\">\n              <div\n                class=\"max-w-full h-96 min-h-full bg-white drop-shadow-xl flex flex-col flex-wrap p-2.5 justify-start\">\n                                <div>\n                  <div class=\"mt-4 p-2\">\n                    <div class=\"break-words text-xl font-semibold font-inter text-bee-darkblue\">\n                      Sp\u00e9cialistes en informatique                    <\/div>\n                    <div\n                      class=\"break-words initialText mt-3 text-ellipsis overflow-hidden font-inter font-normal leading-6 text-bee-ligth-grey\">\n                      Maintenance des syst\u00e8mes d&#039;exploitation, administration des serveurs, bases de donn\u00e9es, s\u00e9curit\u00e9 informatique.                    <\/div>\n                    <div class=\"mt-3.5\">\n                                          <\/div>\n                  <\/div>\n                <\/div>\n              <\/div>\n            <\/div>\n                      <div class=\"swiper-slide\">\n              <div\n                class=\"max-w-full h-96 min-h-full bg-white drop-shadow-xl flex flex-col flex-wrap p-2.5 justify-start\">\n                                <div>\n                  <div class=\"mt-4 p-2\">\n                    <div class=\"break-words text-xl font-semibold font-inter text-bee-darkblue\">\n                      Master of digital business                    <\/div>\n                    <div\n                      class=\"break-words initialText mt-3 text-ellipsis overflow-hidden font-inter font-normal leading-6 text-bee-ligth-grey\">\n                      Elle est responsable de la transformation num\u00e9rique, de l&#039;innovation dans l&#039;entrepreneuriat.                    <\/div>\n                    <div class=\"mt-3.5\">\n                                          <\/div>\n                  <\/div>\n                <\/div>\n              <\/div>\n            <\/div>\n                      <div class=\"swiper-slide\">\n              <div\n                class=\"max-w-full h-96 min-h-full bg-white drop-shadow-xl flex flex-col flex-wrap p-2.5 justify-start\">\n                                <div>\n                  <div class=\"mt-4 p-2\">\n                    <div class=\"break-words text-xl font-semibold font-inter text-bee-darkblue\">\n                      Ing\u00e9nieur de projet                    <\/div>\n                    <div\n                      class=\"break-words initialText mt-3 text-ellipsis overflow-hidden font-inter font-normal leading-6 text-bee-ligth-grey\">\n                      Planification, organisation et surveillance des projets de construction. Elle surveille la mise en \u0153uvre des diff\u00e9rentes \u00e9tapes de construction, y compris le contr\u00f4le de gestion.                    <\/div>\n                    <div class=\"mt-3.5\">\n                                          <\/div>\n                  <\/div>\n                <\/div>\n              <\/div>\n            <\/div>\n                      <div class=\"swiper-slide\">\n              <div\n                class=\"max-w-full h-96 min-h-full bg-white drop-shadow-xl flex flex-col flex-wrap p-2.5 justify-start\">\n                                <div>\n                  <div class=\"mt-4 p-2\">\n                    <div class=\"break-words text-xl font-semibold font-inter text-bee-darkblue\">\n                      Responsable des m\u00e9dias sociaux                    <\/div>\n                    <div\n                      class=\"break-words initialText mt-3 text-ellipsis overflow-hidden font-inter font-normal leading-6 text-bee-ligth-grey\">\n                      communication strat\u00e9gique dans les m\u00e9dias sociaux. Elle est responsable de la coordination, du contr\u00f4le, de la planification et de la mise en \u0153uvre du contenu, ainsi que de l&#039;\u00e9valuation des activit\u00e9s de l&#039;organisation dans les m\u00e9dias sociaux en ligne.                    <\/div>\n                    <div class=\"mt-3.5\">\n                                          <\/div>\n                  <\/div>\n                <\/div>\n              <\/div>\n            <\/div>\n                  <\/div>\n\n        <div class=\"pc-swiper-pagination-283 text-center\"><\/div>\n      <\/div>\n  <\/div>\n\n\n\n\n\n","protected":false},"excerpt":{"rendered":"<p>s<\/p>\n","protected":false},"author":2,"featured_media":0,"parent":0,"menu_order":0,"comment_status":"closed","ping_status":"closed","template":"","meta":{"_acf_changed":false,"footnotes":""},"class_list":["post-1004","page","type-page","status-publish","hentry"],"acf":[],"yoast_head":"<!-- This site is optimized with the Yoast SEO plugin v26.0 - https:\/\/yoast.com\/wordpress\/plugins\/seo\/ -->\n<title>sur nous - Madhya AG<\/title>\n<meta name=\"robots\" content=\"index, follow, max-snippet:-1, max-image-preview:large, max-video-preview:-1\" \/>\n<link rel=\"canonical\" href=\"https:\/\/madhya.eu\/fr\/sur-nous\/\" \/>\n<meta property=\"og:locale\" content=\"fr_FR\" \/>\n<meta property=\"og:type\" content=\"article\" \/>\n<meta property=\"og:title\" content=\"sur nous - Madhya AG\" \/>\n<meta property=\"og:description\" content=\"s\" \/>\n<meta property=\"og:url\" content=\"https:\/\/madhya.eu\/fr\/sur-nous\/\" \/>\n<meta property=\"og:site_name\" content=\"Madhya AG\" \/>\n<meta property=\"article:modified_time\" content=\"2024-07-24T12:15:58+00:00\" \/>\n<meta name=\"twitter:card\" content=\"summary_large_image\" \/>\n<meta name=\"twitter:label1\" content=\"Est. reading time\" \/>\n\t<meta name=\"twitter:data1\" content=\"1 minute\" \/>\n<script type=\"application\/ld+json\" class=\"yoast-schema-graph\">{\"@context\":\"https:\/\/schema.org\",\"@graph\":[{\"@type\":\"WebPage\",\"@id\":\"https:\/\/madhya.eu\/fr\/sur-nous\/\",\"url\":\"https:\/\/madhya.eu\/fr\/sur-nous\/\",\"name\":\"sur nous - Madhya AG\",\"isPartOf\":{\"@id\":\"https:\/\/madhya.eu\/fr\/#website\"},\"datePublished\":\"2024-07-24T09:13:45+00:00\",\"dateModified\":\"2024-07-24T12:15:58+00:00\",\"breadcrumb\":{\"@id\":\"https:\/\/madhya.eu\/fr\/sur-nous\/#breadcrumb\"},\"inLanguage\":\"fr-FR\",\"potentialAction\":[{\"@type\":\"ReadAction\",\"target\":[\"https:\/\/madhya.eu\/fr\/sur-nous\/\"]}]},{\"@type\":\"BreadcrumbList\",\"@id\":\"https:\/\/madhya.eu\/fr\/sur-nous\/#breadcrumb\",\"itemListElement\":[{\"@type\":\"ListItem\",\"position\":1,\"name\":\"Home\",\"item\":\"https:\/\/madhya.eu\/fr\/\"},{\"@type\":\"ListItem\",\"position\":2,\"name\":\"sur nous\"}]},{\"@type\":\"WebSite\",\"@id\":\"https:\/\/madhya.eu\/fr\/#website\",\"url\":\"https:\/\/madhya.eu\/fr\/\",\"name\":\"Madhya AG\",\"description\":\"\",\"publisher\":{\"@id\":\"https:\/\/madhya.eu\/fr\/#organization\"},\"potentialAction\":[{\"@type\":\"SearchAction\",\"target\":{\"@type\":\"EntryPoint\",\"urlTemplate\":\"https:\/\/madhya.eu\/fr\/?s={search_term_string}\"},\"query-input\":{\"@type\":\"PropertyValueSpecification\",\"valueRequired\":true,\"valueName\":\"search_term_string\"}}],\"inLanguage\":\"fr-FR\"},{\"@type\":\"Organization\",\"@id\":\"https:\/\/madhya.eu\/fr\/#organization\",\"name\":\"Madhya AG\",\"url\":\"https:\/\/madhya.eu\/fr\/\",\"logo\":{\"@type\":\"ImageObject\",\"inLanguage\":\"fr-FR\",\"@id\":\"https:\/\/madhya.eu\/fr\/#\/schema\/logo\/image\/\",\"url\":\"https:\/\/madhya.eu\/app\/uploads\/2023\/08\/cropped-madhya-300x73-1.png\",\"contentUrl\":\"https:\/\/madhya.eu\/app\/uploads\/2023\/08\/cropped-madhya-300x73-1.png\",\"width\":301,\"height\":73,\"caption\":\"Madhya AG\"},\"image\":{\"@id\":\"https:\/\/madhya.eu\/fr\/#\/schema\/logo\/image\/\"}}]}<\/script>\n<!-- \/ Yoast SEO plugin. -->","yoast_head_json":{"title":"sur nous - Madhya AG","robots":{"index":"index","follow":"follow","max-snippet":"max-snippet:-1","max-image-preview":"max-image-preview:large","max-video-preview":"max-video-preview:-1"},"canonical":"https:\/\/madhya.eu\/fr\/sur-nous\/","og_locale":"fr_FR","og_type":"article","og_title":"sur nous - Madhya AG","og_description":"s","og_url":"https:\/\/madhya.eu\/fr\/sur-nous\/","og_site_name":"Madhya AG","article_modified_time":"2024-07-24T12:15:58+00:00","twitter_card":"summary_large_image","twitter_misc":{"Est. reading time":"1 minute"},"schema":{"@context":"https:\/\/schema.org","@graph":[{"@type":"WebPage","@id":"https:\/\/madhya.eu\/fr\/sur-nous\/","url":"https:\/\/madhya.eu\/fr\/sur-nous\/","name":"sur nous - Madhya AG","isPartOf":{"@id":"https:\/\/madhya.eu\/fr\/#website"},"datePublished":"2024-07-24T09:13:45+00:00","dateModified":"2024-07-24T12:15:58+00:00","breadcrumb":{"@id":"https:\/\/madhya.eu\/fr\/sur-nous\/#breadcrumb"},"inLanguage":"fr-FR","potentialAction":[{"@type":"ReadAction","target":["https:\/\/madhya.eu\/fr\/sur-nous\/"]}]},{"@type":"BreadcrumbList","@id":"https:\/\/madhya.eu\/fr\/sur-nous\/#breadcrumb","itemListElement":[{"@type":"ListItem","position":1,"name":"Home","item":"https:\/\/madhya.eu\/fr\/"},{"@type":"ListItem","position":2,"name":"sur nous"}]},{"@type":"WebSite","@id":"https:\/\/madhya.eu\/fr\/#website","url":"https:\/\/madhya.eu\/fr\/","name":"Madhya AG","description":"","publisher":{"@id":"https:\/\/madhya.eu\/fr\/#organization"},"potentialAction":[{"@type":"SearchAction","target":{"@type":"EntryPoint","urlTemplate":"https:\/\/madhya.eu\/fr\/?s={search_term_string}"},"query-input":{"@type":"PropertyValueSpecification","valueRequired":true,"valueName":"search_term_string"}}],"inLanguage":"fr-FR"},{"@type":"Organization","@id":"https:\/\/madhya.eu\/fr\/#organization","name":"Madhya AG","url":"https:\/\/madhya.eu\/fr\/","logo":{"@type":"ImageObject","inLanguage":"fr-FR","@id":"https:\/\/madhya.eu\/fr\/#\/schema\/logo\/image\/","url":"https:\/\/madhya.eu\/app\/uploads\/2023\/08\/cropped-madhya-300x73-1.png","contentUrl":"https:\/\/madhya.eu\/app\/uploads\/2023\/08\/cropped-madhya-300x73-1.png","width":301,"height":73,"caption":"Madhya AG"},"image":{"@id":"https:\/\/madhya.eu\/fr\/#\/schema\/logo\/image\/"}}]}},"_links":{"self":[{"href":"https:\/\/madhya.eu\/fr\/wp-json\/wp\/v2\/pages\/1004","targetHints":{"allow":["GET"]}}],"collection":[{"href":"https:\/\/madhya.eu\/fr\/wp-json\/wp\/v2\/pages"}],"about":[{"href":"https:\/\/madhya.eu\/fr\/wp-json\/wp\/v2\/types\/page"}],"author":[{"embeddable":true,"href":"https:\/\/madhya.eu\/fr\/wp-json\/wp\/v2\/users\/2"}],"replies":[{"embeddable":true,"href":"https:\/\/madhya.eu\/fr\/wp-json\/wp\/v2\/comments?post=1004"}],"version-history":[{"count":3,"href":"https:\/\/madhya.eu\/fr\/wp-json\/wp\/v2\/pages\/1004\/revisions"}],"predecessor-version":[{"id":1018,"href":"https:\/\/madhya.eu\/fr\/wp-json\/wp\/v2\/pages\/1004\/revisions\/1018"}],"wp:attachment":[{"href":"https:\/\/madhya.eu\/fr\/wp-json\/wp\/v2\/media?parent=1004"}],"curies":[{"name":"wp","href":"https:\/\/api.w.org\/{rel}","templated":true}]}}